{"id":4713,"date":"2016-05-03T09:58:00","date_gmt":"2016-05-03T07:58:00","guid":{"rendered":"https:\/\/www.centrodentalcostablanca.com\/es\/smile-design\/"},"modified":"2019-04-09T10:00:05","modified_gmt":"2019-04-09T08:00:05","slug":"diseno-de-sonrisa","status":"publish","type":"page","link":"https:\/\/www.centrodentalcostablanca.com\/es\/diseno-de-sonrisa\/","title":{"rendered":"Dise\u00f1o de Sonrisa"},"content":{"rendered":"<p>Es nuestro objetivo hacerte sonre\u00edr &#8211; m\u00e1s veces que antes! Tu sonrisa es una de los aspectos m\u00e1s importantes de tu apariencia. Te gustar\u00eda mejorar tu sonrisa o aumentar tu autoestima? Quieres mejorar tu apariencia en alg\u00fan situaci\u00f3n profesional o social?<\/p>\n<p>Hay varias formas que se usan para crear una sonrisa estetica. En la cara general se debe tener un cuidado para que tu sonrisa sea estetica y parezca natural.<\/p>\n<p>La linea del medio de la cara tiene que estar alineados con la linea del medio de los dientes. El plano incisa deber\u00e1 estar paralelo a una linea ente medio de las pupilas. Estos son solo dos parametros con la cual trabajamos para mejor tu sonrisa.<\/p>\n<p><img loading=\"lazy\" decoding=\"async\" class=\"alignnone size-full wp-image-4401\" src=\"https:\/\/www.centrodentalcostablanca.com\/wp-content\/uploads\/2016\/05\/MIK_130112387.jpg\" alt=\"Smile Design\" width=\"700\" height=\"459\" srcset=\"https:\/\/www.centrodentalcostablanca.com\/wp-content\/uploads\/2016\/05\/MIK_130112387.jpg 700w, https:\/\/www.centrodentalcostablanca.com\/wp-content\/uploads\/2016\/05\/MIK_130112387-300x197.jpg 300w, https:\/\/www.centrodentalcostablanca.com\/wp-content\/uploads\/2016\/05\/MIK_130112387-580x380.jpg 580w\" sizes=\"(max-width: 700px) 100vw, 700px\" \/><\/p>\n<p><span style=\"color: #ffffff;\">&#8211;<\/span><\/p>\n<p><img loading=\"lazy\" decoding=\"async\" class=\"alignnone size-full wp-image-56\" src=\"https:\/\/www.centrodentalcostablanca.com\/wp-content\/uploads\/2016\/05\/logoname-padded.png\" alt=\"Centro Dental Costa Blanca\" width=\"440\" height=\"198\" srcset=\"https:\/\/www.centrodentalcostablanca.com\/wp-content\/uploads\/2016\/05\/logoname-padded.png 440w, https:\/\/www.centrodentalcostablanca.com\/wp-content\/uploads\/2016\/05\/logoname-padded-300x135.png 300w\" sizes=\"(max-width: 440px) 100vw, 440px\" \/><\/p>\n","protected":false},"excerpt":{"rendered":"<p>Es nuestro objetivo hacerte sonre\u00edr &#8211; m\u00e1s veces que antes! Tu sonrisa es una de los aspectos m\u00e1s importantes de tu apariencia. Te gustar\u00eda mejorar tu sonrisa o aumentar tu autoestima? Quieres mejorar tu apariencia en alg\u00fan situaci\u00f3n profesional o social? Hay varias formas que se usan para crear una sonrisa estetica. En la cara&#8230;<\/p>\n","protected":false},"author":1,"featured_media":0,"parent":0,"menu_order":0,"comment_status":"closed","ping_status":"closed","template":"","meta":{"footnotes":""},"_links":{"self":[{"href":"https:\/\/www.centrodentalcostablanca.com\/es\/wp-json\/wp\/v2\/pages\/4713"}],"collection":[{"href":"https:\/\/www.centrodentalcostablanca.com\/es\/wp-json\/wp\/v2\/pages"}],"about":[{"href":"https:\/\/www.centrodentalcostablanca.com\/es\/wp-json\/wp\/v2\/types\/page"}],"author":[{"embeddable":true,"href":"https:\/\/www.centrodentalcostablanca.com\/es\/wp-json\/wp\/v2\/users\/1"}],"replies":[{"embeddable":true,"href":"https:\/\/www.centrodentalcostablanca.com\/es\/wp-json\/wp\/v2\/comments?post=4713"}],"version-history":[{"count":0,"href":"https:\/\/www.centrodentalcostablanca.com\/es\/wp-json\/wp\/v2\/pages\/4713\/revisions"}],"wp:attachment":[{"href":"https:\/\/www.centrodentalcostablanca.com\/es\/wp-json\/wp\/v2\/media?parent=4713"}],"curies":[{"name":"wp","href":"https:\/\/api.w.org\/{rel}","templated":true}]}}