{"id":4701,"date":"2016-05-03T09:56:25","date_gmt":"2016-05-03T07:56:25","guid":{"rendered":"https:\/\/www.centrodentalcostablanca.com\/es\/fillings\/"},"modified":"2019-04-09T10:00:05","modified_gmt":"2019-04-09T08:00:05","slug":"empaste","status":"publish","type":"page","link":"https:\/\/www.centrodentalcostablanca.com\/es\/empaste\/","title":{"rendered":"Empaste"},"content":{"rendered":"<p>En Centro Dental no ofrecemos empastes de Amalgam. Lo mejor, m\u00e1s duradero y est\u00e9tico son los de cer\u00e1mica. Estos empastes tienen una compatibilidad muy alta. Despu\u00e9s de estos est\u00e1n los empastes de oro, como los de cer\u00e1mica est\u00e1n hechos en laboratorios. Los dos tienen precisi\u00f3n alto y te ofrecen lo m\u00e1s c\u00f3modo. Lo m\u00e1s basico esta hecho con materiales cer\u00e1micos que producen el color del diente y se fabrican en una sesi\u00f3n.<\/p>\n<p><img loading=\"lazy\" decoding=\"async\" class=\"alignleft size-full wp-image-4395\" src=\"https:\/\/www.centrodentalcostablanca.com\/wp-content\/uploads\/2016\/05\/3.jpg\" alt=\"Fillings\" width=\"500\" height=\"412\" srcset=\"https:\/\/www.centrodentalcostablanca.com\/wp-content\/uploads\/2016\/05\/3.jpg 500w, https:\/\/www.centrodentalcostablanca.com\/wp-content\/uploads\/2016\/05\/3-300x247.jpg 300w\" sizes=\"(max-width: 500px) 100vw, 500px\" \/><\/p>\n","protected":false},"excerpt":{"rendered":"<p>En Centro Dental no ofrecemos empastes de Amalgam. Lo mejor, m\u00e1s duradero y est\u00e9tico son los de cer\u00e1mica. Estos empastes tienen una compatibilidad muy alta. Despu\u00e9s de estos est\u00e1n los empastes de oro, como los de cer\u00e1mica est\u00e1n hechos en laboratorios. Los dos tienen precisi\u00f3n alto y te ofrecen lo m\u00e1s c\u00f3modo. Lo m\u00e1s basico&#8230;<\/p>\n","protected":false},"author":1,"featured_media":0,"parent":0,"menu_order":0,"comment_status":"closed","ping_status":"closed","template":"","meta":{"footnotes":""},"_links":{"self":[{"href":"https:\/\/www.centrodentalcostablanca.com\/es\/wp-json\/wp\/v2\/pages\/4701"}],"collection":[{"href":"https:\/\/www.centrodentalcostablanca.com\/es\/wp-json\/wp\/v2\/pages"}],"about":[{"href":"https:\/\/www.centrodentalcostablanca.com\/es\/wp-json\/wp\/v2\/types\/page"}],"author":[{"embeddable":true,"href":"https:\/\/www.centrodentalcostablanca.com\/es\/wp-json\/wp\/v2\/users\/1"}],"replies":[{"embeddable":true,"href":"https:\/\/www.centrodentalcostablanca.com\/es\/wp-json\/wp\/v2\/comments?post=4701"}],"version-history":[{"count":0,"href":"https:\/\/www.centrodentalcostablanca.com\/es\/wp-json\/wp\/v2\/pages\/4701\/revisions"}],"wp:attachment":[{"href":"https:\/\/www.centrodentalcostablanca.com\/es\/wp-json\/wp\/v2\/media?parent=4701"}],"curies":[{"name":"wp","href":"https:\/\/api.w.org\/{rel}","templated":true}]}}