{"id":4689,"date":"2016-05-03T09:54:11","date_gmt":"2016-05-03T07:54:11","guid":{"rendered":"https:\/\/www.centrodentalcostablanca.com\/es\/dentures\/"},"modified":"2019-04-09T10:00:06","modified_gmt":"2019-04-09T08:00:06","slug":"dentaduras","status":"publish","type":"page","link":"https:\/\/www.centrodentalcostablanca.com\/es\/dentaduras\/","title":{"rendered":"Dentadura"},"content":{"rendered":"<p>Si has perdido bastantes dientes y no quieres tener implantes o si no puedes tenerlos, una dentadura es la mejor opci\u00f3n para ti. En Centro Dental te ofrecemos una gran variedad de dentaduras. Los m\u00e1s esteticos, c\u00f3modos y duraderos. Esto es una manera invisible de reemplazar dientes y permitir que la dentadura sea lo m\u00e1s peque\u00f1o y c\u00f3modo posible. P\u00eddenos que te ense\u00f1emos ejemplos de nuestro trabajo y soluciones que te pueden ayudar.<\/p>\n<p><img loading=\"lazy\" decoding=\"async\" class=\"size-full wp-image-4388 alignnone\" src=\"https:\/\/www.centrodentalcostablanca.com\/wp-content\/uploads\/2016\/05\/4.jpg\" alt=\"Dentures\" width=\"500\" height=\"204\" srcset=\"https:\/\/www.centrodentalcostablanca.com\/wp-content\/uploads\/2016\/05\/4.jpg 500w, https:\/\/www.centrodentalcostablanca.com\/wp-content\/uploads\/2016\/05\/4-300x122.jpg 300w\" sizes=\"(max-width: 500px) 100vw, 500px\" \/><\/p>\n<p><span style=\"color: #ffffff;\">&#8211;<\/span><\/p>\n<p><img loading=\"lazy\" decoding=\"async\" class=\"alignnone size-full wp-image-56\" src=\"https:\/\/www.centrodentalcostablanca.com\/wp-content\/uploads\/2016\/05\/logoname-padded.png\" alt=\"Centro Dental Costa Blanca\" width=\"440\" height=\"198\" srcset=\"https:\/\/www.centrodentalcostablanca.com\/wp-content\/uploads\/2016\/05\/logoname-padded.png 440w, https:\/\/www.centrodentalcostablanca.com\/wp-content\/uploads\/2016\/05\/logoname-padded-300x135.png 300w\" sizes=\"(max-width: 440px) 100vw, 440px\" \/><\/p>\n","protected":false},"excerpt":{"rendered":"<p>Si has perdido bastantes dientes y no quieres tener implantes o si no puedes tenerlos, una dentadura es la mejor opci\u00f3n para ti. En Centro Dental te ofrecemos una gran variedad de dentaduras. Los m\u00e1s esteticos, c\u00f3modos y duraderos. Esto es una manera invisible de reemplazar dientes y permitir que la dentadura sea lo m\u00e1s&#8230;<\/p>\n","protected":false},"author":1,"featured_media":0,"parent":0,"menu_order":0,"comment_status":"closed","ping_status":"closed","template":"","meta":{"footnotes":""},"_links":{"self":[{"href":"https:\/\/www.centrodentalcostablanca.com\/es\/wp-json\/wp\/v2\/pages\/4689"}],"collection":[{"href":"https:\/\/www.centrodentalcostablanca.com\/es\/wp-json\/wp\/v2\/pages"}],"about":[{"href":"https:\/\/www.centrodentalcostablanca.com\/es\/wp-json\/wp\/v2\/types\/page"}],"author":[{"embeddable":true,"href":"https:\/\/www.centrodentalcostablanca.com\/es\/wp-json\/wp\/v2\/users\/1"}],"replies":[{"embeddable":true,"href":"https:\/\/www.centrodentalcostablanca.com\/es\/wp-json\/wp\/v2\/comments?post=4689"}],"version-history":[{"count":0,"href":"https:\/\/www.centrodentalcostablanca.com\/es\/wp-json\/wp\/v2\/pages\/4689\/revisions"}],"wp:attachment":[{"href":"https:\/\/www.centrodentalcostablanca.com\/es\/wp-json\/wp\/v2\/media?parent=4689"}],"curies":[{"name":"wp","href":"https:\/\/api.w.org\/{rel}","templated":true}]}}