{"id":4736,"date":"2016-05-03T09:52:13","date_gmt":"2016-05-03T07:52:13","guid":{"rendered":"https:\/\/www.centrodentalcostablanca.com\/de\/contact\/"},"modified":"2020-04-27T10:18:45","modified_gmt":"2020-04-27T08:18:45","slug":"kontakt","status":"publish","type":"page","link":"https:\/\/www.centrodentalcostablanca.com\/de\/kontakt\/","title":{"rendered":"Kontakt"},"content":{"rendered":"<div id=\"cmsmasters_row_39nkb371na\" class=\"cmsmasters_row cmsmasters_color_scheme_default cmsmasters_row_top_default cmsmasters_row_bot_default cmsmasters_row_boxed\">\n<div class=\"cmsmasters_row_outer_parent\">\n<div class=\"cmsmasters_row_outer\">\n<div class=\"cmsmasters_row_inner\">\n<div class=\"cmsmasters_row_margin\">\n<div id=\"cmsmasters_column_au7k8lie6d\" class=\"cmsmasters_column one_half\">\n<div class=\"cmsmasters_column_inner\"><div class=\"cmsmasters_text\">\n<p id=\"tw-target-text\" class=\"tw-data-text tw-text-large tw-ta\" style=\"text-align: center;\" data-placeholder=\"Traducci\u00f3n\"><strong><span lang=\"de\" style=\"color: red;\">COVID-19 NOTFALL <\/span><\/strong><\/p>\n<p style=\"text-align: center;\">Liebe Patienten und Freunde,<\/p>\n<p style=\"text-align: center;\">ab dem 4 Mai werden wir die Praxis wieder t\u00e4glich f\u00fcr Sie \u00f6ffnen, der reine Notdienstbetrieb hat ein Ende.<\/p>\n<p style=\"text-align: center;\">Wir sind nun in der Lage Ihre Sicherheit in Zeiten von Covid19 durch erweiterte Massnahmen in Hygiene und Infektionsschutz zu gew\u00e4hrleisten. F\u00fcr Ihre Fahrt zur Praxis und zur\u00fcck senden wir Ihnen gerne ein Dokument mit dem Sie Ihere Fahrt zur Praxis und zur\u00fcck rechtfertigen k\u00f6nnen. Diese kann per WhatsApp oder Email schnell und sicher erfolgen. Wie immer erreichen Sie uns unter 965889146, 626281787, oder per email info@centrodentalcostablanca.com<\/p>\n<p style=\"text-align: center;\">Wir freuen uns darauf, wieder f\u00fcr Sie da zu sein.<\/p>\n<\/div>\n<div class=\"cmsmasters_text\">\n<p>&nbsp;<\/p>\n<\/div>\n<div class=\"cmsmasters_contact_form\">\n<div class=\"wpcf7 no-js\" id=\"wpcf7-f4743-o1\" lang=\"en-US\" dir=\"ltr\">\n<div class=\"screen-reader-response\"><p role=\"status\" aria-live=\"polite\" aria-atomic=\"true\"><\/p> <ul><\/ul><\/div>\n<form action=\"\/de\/wp-json\/wp\/v2\/pages\/4736#wpcf7-f4743-o1\" method=\"post\" class=\"wpcf7-form init\" aria-label=\"Contact form\" novalidate=\"novalidate\" data-status=\"init\">\n<div style=\"display: none;\">\n<input type=\"hidden\" name=\"_wpcf7\" value=\"4743\" \/>\n<input type=\"hidden\" name=\"_wpcf7_version\" value=\"5.8.2\" \/>\n<input type=\"hidden\" name=\"_wpcf7_locale\" value=\"en_US\" \/>\n<input type=\"hidden\" name=\"_wpcf7_unit_tag\" value=\"wpcf7-f4743-o1\" \/>\n<input type=\"hidden\" name=\"_wpcf7_container_post\" value=\"0\" \/>\n<input type=\"hidden\" name=\"_wpcf7_posted_data_hash\" value=\"\" \/>\n<input type=\"hidden\" name=\"_wpcf7_recaptcha_response\" value=\"\" \/>\n<\/div>\n<p>Alle Felder mit * m\u00fcssen ausgef\u00fcllt werden.\n<\/p>\n<p>Name\n<\/p>\n<p><span class=\"wpcf7-form-control-wrap\" data-name=\"your-name\"><input size=\"40\" class=\"wpcf7-form-control wpcf7-text wpcf7-validates-as-required\" aria-required=\"true\" aria-invalid=\"false\" value=\"\" type=\"text\" name=\"your-name\" \/><\/span>\n<\/p>\n<p>Email\n<\/p>\n<p><span class=\"wpcf7-form-control-wrap\" data-name=\"your-email\"><input size=\"40\" class=\"wpcf7-form-control wpcf7-email wpcf7-validates-as-required wpcf7-text wpcf7-validates-as-email\" aria-required=\"true\" aria-invalid=\"false\" value=\"\" type=\"email\" name=\"your-email\" \/><\/span>\n<\/p>\n<p>Telefon\n<\/p>\n<p><span class=\"wpcf7-form-control-wrap\" data-name=\"tel\"><input size=\"40\" class=\"wpcf7-form-control wpcf7-tel wpcf7-text wpcf7-validates-as-tel\" aria-invalid=\"false\" value=\"\" type=\"tel\" name=\"tel\" \/><\/span>\n<\/p>\n<p>Betreff\n<\/p>\n<p><span class=\"wpcf7-form-control-wrap\" data-name=\"your-subject\"><input size=\"40\" class=\"wpcf7-form-control wpcf7-text wpcf7-validates-as-required\" aria-required=\"true\" aria-invalid=\"false\" value=\"\" type=\"text\" name=\"your-subject\" \/><\/span>\n<\/p>\n<p>Nachricht\n<\/p>\n<p><span class=\"wpcf7-form-control-wrap\" data-name=\"your-message\"><textarea cols=\"40\" rows=\"10\" class=\"wpcf7-form-control wpcf7-textarea wpcf7-validates-as-required\" aria-required=\"true\" aria-invalid=\"false\" name=\"your-message\"><\/textarea><\/span>\n<\/p>\n\n<p><input class=\"wpcf7-form-control wpcf7-submit has-spinner\" type=\"submit\" value=\"Senden\" \/>\n<\/p><p style=\"display: none !important;\"><label>&#916;<textarea name=\"_wpcf7_ak_hp_textarea\" cols=\"45\" rows=\"8\" maxlength=\"100\"><\/textarea><\/label><input type=\"hidden\" id=\"ak_js_1\" name=\"_wpcf7_ak_js\" value=\"196\"\/><script>document.getElementById( \"ak_js_1\" ).setAttribute( \"value\", ( new Date() ).getTime() );<\/script><\/p><div class=\"wpcf7-response-output\" aria-hidden=\"true\"><\/div>\n<\/form>\n<\/div>\n<\/div>\n<\/div><\/div>\n<div id=\"cmsmasters_column_prfmcaylra\" class=\"cmsmasters_column one_half\">\n<div class=\"cmsmasters_column_inner\"><div id=\"google_map_qapp5bu4ek\" class=\"cmsmasters_google_map google_map\" data-latitude=\"38.5779026\" data-longitude=\"-0.1018153\" data-maptype=\"ROADMAP\" data-zoom=\"15\" data-scrollwheel=\"true\" data-doubleclickzoom=\"true\" data-pan-control=\"true\" data-zoom-control=\"true\" data-map-type-control=\"true\" data-scale-control=\"true\" data-street-view-control=\"true\" data-overview-map-control=\"true\" data-markers=\"latitude: 38.5779026\/\/\/longitude: -0.1018153\/\/\/html: &lt;p&gt;Centro Dental&lt;\/p&gt;&lt;p&gt;&nbsp;&lt;\/p&gt;&lt;p&gt;&nbsp;&lt;\/p&gt;&lt;p&gt;&nbsp;&lt;\/p&gt;&lt;p&gt;Av. Pais Valencia 6&lt;\/p&gt;&lt;p&gt;&nbsp;&lt;\/p&gt;&lt;p&gt;Alfaz Del Pi&lt;\/p&gt;&lt;p&gt;&nbsp;&lt;\/p&gt;&lt;p&gt;03580&lt;\/p&gt;&lt;p&gt;&nbsp;&lt;\/p&gt;&lt;p&gt;Alicante&lt;\/p&gt;&lt;p&gt;&nbsp;&lt;\/p&gt;&lt;p&gt;Spanien&lt;\/p&gt;&lt;p&gt;&nbsp;&lt;\/p&gt;&lt;p&gt;&nbsp;&lt;\/p&gt;&lt;p&gt;&nbsp;&lt;\/p&gt;&lt;p&gt;Telefon: 965 889 146&lt;\/p&gt;&lt;p&gt;&nbsp;&lt;\/p&gt;&lt;p&gt;Notf\u00e4lle: 626 281 787&lt;\/p&gt;\/\/\/|||\"><\/div>\n<div id=\"cmsmasters_divider_y67qjq0d3j\" class=\"cmsmasters_divider cmsmasters_divider_width_long cmsmasters_divider_pos_center\"><\/div>\n<div class=\"cmsmasters_text\">\n<h2>Centro Dental<\/h2>\n<p>Av. Pais Valencia 6<br \/>\nAlfaz Del Pi<br \/>\n03580<br \/>\nAlicante<br \/>\nSpain<\/p>\n<p class=\"cmsmasters-icon-phone\">Telefon: 965 889 146<\/p>\n<p class=\"cmsmasters-icon-phone-squared\">Notf\u00e4lle: 626 281 787<\/p>\n<\/div>\n<\/div><\/div>\n<\/div>\n<\/div>\n<\/div>\n<\/div>\n<\/div>\n\n","protected":false},"excerpt":{"rendered":"","protected":false},"author":1,"featured_media":0,"parent":0,"menu_order":0,"comment_status":"closed","ping_status":"closed","template":"","meta":{"footnotes":""},"_links":{"self":[{"href":"https:\/\/www.centrodentalcostablanca.com\/de\/wp-json\/wp\/v2\/pages\/4736"}],"collection":[{"href":"https:\/\/www.centrodentalcostablanca.com\/de\/wp-json\/wp\/v2\/pages"}],"about":[{"href":"https:\/\/www.centrodentalcostablanca.com\/de\/wp-json\/wp\/v2\/types\/page"}],"author":[{"embeddable":true,"href":"https:\/\/www.centrodentalcostablanca.com\/de\/wp-json\/wp\/v2\/users\/1"}],"replies":[{"embeddable":true,"href":"https:\/\/www.centrodentalcostablanca.com\/de\/wp-json\/wp\/v2\/comments?post=4736"}],"version-history":[{"count":0,"href":"https:\/\/www.centrodentalcostablanca.com\/de\/wp-json\/wp\/v2\/pages\/4736\/revisions"}],"wp:attachment":[{"href":"https:\/\/www.centrodentalcostablanca.com\/de\/wp-json\/wp\/v2\/media?parent=4736"}],"curies":[{"name":"wp","href":"https:\/\/api.w.org\/{rel}","templated":true}]}}