{"id":4704,"date":"2016-05-03T09:56:46","date_gmt":"2016-05-03T07:56:46","guid":{"rendered":"https:\/\/www.centrodentalcostablanca.com\/de\/implants\/"},"modified":"2016-06-13T12:56:26","modified_gmt":"2016-06-13T10:56:26","slug":"implantate","status":"publish","type":"page","link":"https:\/\/www.centrodentalcostablanca.com\/de\/implantate\/","title":{"rendered":"Implantate"},"content":{"rendered":"<p>Implantate, wie sie von uns im Centro Dental angeboten werden, sind der Zahnersatz der dem nat\u00fcrlichen Zahn am n\u00e4chsten kommt. Der verlorene Zahn wird durch eine Zahnwurzel aus Titan ersetzt die im Anschluss mit einer Krone oder Br\u00fccke versorgt wird, um eine entstandene Zahnl\u00fccke zu schliessen. Diese Form des Zahnersatzes ist eine sichere und inzwischen sehr h\u00e4ufig genutzte Behandlung. Wenn gew\u00fcnscht oder erforderlich fertigen wir ihnen eine provisorische Krone, so dass sie innerhalb von 24 Stunden einen neuen Zahn besitzen. Dar\u00fcberhinaus k\u00f6nnen wir mit Implantaten lockeren Zahnersatz unsichtbar befestigen. Der Komfort und die Sicherheit sowohl beim Essen als auch im Gespr\u00e4ch mit Freunden ohne Sorgen dass die Prothese sich lockern k\u00f6nnte sind unvergleichlich.<\/p>\n<p><img loading=\"lazy\" decoding=\"async\" class=\"size-full wp-image-4397 alignnone\" src=\"https:\/\/www.centrodentalcostablanca.com\/wp-content\/uploads\/2016\/05\/1.jpg\" alt=\"Implants\" width=\"700\" height=\"466\" srcset=\"https:\/\/www.centrodentalcostablanca.com\/wp-content\/uploads\/2016\/05\/1.jpg 700w, https:\/\/www.centrodentalcostablanca.com\/wp-content\/uploads\/2016\/05\/1-300x200.jpg 300w, https:\/\/www.centrodentalcostablanca.com\/wp-content\/uploads\/2016\/05\/1-580x386.jpg 580w\" sizes=\"(max-width: 700px) 100vw, 700px\" \/><\/p>\n<p><span style=\"color: #ffffff;\">&#8211;<\/span><\/p>\n<p><img loading=\"lazy\" decoding=\"async\" class=\"alignnone size-full wp-image-56\" src=\"https:\/\/www.centrodentalcostablanca.com\/wp-content\/uploads\/2016\/05\/logoname-padded.png\" alt=\"Centro Dental Costa Blanca\" width=\"440\" height=\"198\" srcset=\"https:\/\/www.centrodentalcostablanca.com\/wp-content\/uploads\/2016\/05\/logoname-padded.png 440w, https:\/\/www.centrodentalcostablanca.com\/wp-content\/uploads\/2016\/05\/logoname-padded-300x135.png 300w\" sizes=\"(max-width: 440px) 100vw, 440px\" \/><\/p>\n","protected":false},"excerpt":{"rendered":"<p>Implantate, wie sie von uns im Centro Dental angeboten werden, sind der Zahnersatz der dem nat\u00fcrlichen Zahn am n\u00e4chsten kommt. Der verlorene Zahn wird durch eine Zahnwurzel aus Titan ersetzt die im Anschluss mit einer Krone oder Br\u00fccke versorgt wird, um eine entstandene Zahnl\u00fccke zu schliessen. Diese Form des Zahnersatzes ist eine sichere und inzwischen&#8230;<\/p>\n","protected":false},"author":1,"featured_media":0,"parent":0,"menu_order":0,"comment_status":"closed","ping_status":"closed","template":"","meta":{"footnotes":""},"_links":{"self":[{"href":"https:\/\/www.centrodentalcostablanca.com\/de\/wp-json\/wp\/v2\/pages\/4704"}],"collection":[{"href":"https:\/\/www.centrodentalcostablanca.com\/de\/wp-json\/wp\/v2\/pages"}],"about":[{"href":"https:\/\/www.centrodentalcostablanca.com\/de\/wp-json\/wp\/v2\/types\/page"}],"author":[{"embeddable":true,"href":"https:\/\/www.centrodentalcostablanca.com\/de\/wp-json\/wp\/v2\/users\/1"}],"replies":[{"embeddable":true,"href":"https:\/\/www.centrodentalcostablanca.com\/de\/wp-json\/wp\/v2\/comments?post=4704"}],"version-history":[{"count":0,"href":"https:\/\/www.centrodentalcostablanca.com\/de\/wp-json\/wp\/v2\/pages\/4704\/revisions"}],"wp:attachment":[{"href":"https:\/\/www.centrodentalcostablanca.com\/de\/wp-json\/wp\/v2\/media?parent=4704"}],"curies":[{"name":"wp","href":"https:\/\/api.w.org\/{rel}","templated":true}]}}