{"id":4696,"date":"2016-05-03T09:55:13","date_gmt":"2016-05-03T07:55:13","guid":{"rendered":"https:\/\/www.centrodentalcostablanca.com\/de\/esthetic-dentistry\/"},"modified":"2016-06-13T12:54:38","modified_gmt":"2016-06-13T10:54:38","slug":"aesthetische-zahnheilkunde","status":"publish","type":"page","link":"https:\/\/www.centrodentalcostablanca.com\/de\/aesthetische-zahnheilkunde\/","title":{"rendered":"\u00c4sthetische Zahnheilkunde"},"content":{"rendered":"<p><img loading=\"lazy\" decoding=\"async\" class=\"alignright size-full wp-image-4392\" src=\"https:\/\/www.centrodentalcostablanca.com\/wp-content\/uploads\/2016\/05\/treatment-page.jpg\" alt=\"Esthetic Dentistry\" width=\"300\" height=\"442\" srcset=\"https:\/\/www.centrodentalcostablanca.com\/wp-content\/uploads\/2016\/05\/treatment-page.jpg 300w, https:\/\/www.centrodentalcostablanca.com\/wp-content\/uploads\/2016\/05\/treatment-page-204x300.jpg 204w\" sizes=\"(max-width: 300px) 100vw, 300px\" \/>Esthetic DentistryUnser Ziel bei Centro Dental ist es Ihnen die besten L\u00f6sungen zum Erreichen einer bestm\u00f6glichen \u00c4sthetik anzubieten. Dies beginnt mit Zahnaufhellung die innerhalb einer Sitzung ein schnelles gutes und dauerhaftes Ergebnis erzielt, \u00fcber keramische Veneers die dauerhaft Form und Farbe der Z\u00e4hne ver\u00e4ndert, bis hin zu Zirkonkronen, die bei gr\u00f6sseren Defekten eingesetzt werden. Um Ihren W\u00fcnschen genauestens entsprechen zu k\u00f6nnen, wird oft ein sog. Mock-up eingesetzt. Diese Methode erm\u00f6glicht es das Endergebnis in Form eines Provisoriums vorwegzunehmen. So k\u00f6nnen Sie bereits vor Anfertigung der Arbeit eine genaue Pr\u00fcfung des Ergebnisses vornehmen. Wir wollen Ihnen das sch\u00f6nste L\u00e4cheln geben.<\/p>\n<p><span style=\"color: #ffffff;\">&#8211;<\/span><\/p>\n<p><img loading=\"lazy\" decoding=\"async\" class=\"alignnone size-full wp-image-56\" src=\"https:\/\/www.centrodentalcostablanca.com\/wp-content\/uploads\/2016\/05\/logoname-padded.png\" alt=\"Centro Dental Costa Blanca\" width=\"440\" height=\"198\" srcset=\"https:\/\/www.centrodentalcostablanca.com\/wp-content\/uploads\/2016\/05\/logoname-padded.png 440w, https:\/\/www.centrodentalcostablanca.com\/wp-content\/uploads\/2016\/05\/logoname-padded-300x135.png 300w\" sizes=\"(max-width: 440px) 100vw, 440px\" \/><\/p>\n","protected":false},"excerpt":{"rendered":"<p>Esthetic DentistryUnser Ziel bei Centro Dental ist es Ihnen die besten L\u00f6sungen zum Erreichen einer bestm\u00f6glichen \u00c4sthetik anzubieten. Dies beginnt mit Zahnaufhellung die innerhalb einer Sitzung ein schnelles gutes und dauerhaftes Ergebnis erzielt, \u00fcber keramische Veneers die dauerhaft Form und Farbe der Z\u00e4hne ver\u00e4ndert, bis hin zu Zirkonkronen, die bei gr\u00f6sseren Defekten eingesetzt werden. Um&#8230;<\/p>\n","protected":false},"author":1,"featured_media":0,"parent":0,"menu_order":0,"comment_status":"closed","ping_status":"closed","template":"","meta":{"footnotes":""},"_links":{"self":[{"href":"https:\/\/www.centrodentalcostablanca.com\/de\/wp-json\/wp\/v2\/pages\/4696"}],"collection":[{"href":"https:\/\/www.centrodentalcostablanca.com\/de\/wp-json\/wp\/v2\/pages"}],"about":[{"href":"https:\/\/www.centrodentalcostablanca.com\/de\/wp-json\/wp\/v2\/types\/page"}],"author":[{"embeddable":true,"href":"https:\/\/www.centrodentalcostablanca.com\/de\/wp-json\/wp\/v2\/users\/1"}],"replies":[{"embeddable":true,"href":"https:\/\/www.centrodentalcostablanca.com\/de\/wp-json\/wp\/v2\/comments?post=4696"}],"version-history":[{"count":0,"href":"https:\/\/www.centrodentalcostablanca.com\/de\/wp-json\/wp\/v2\/pages\/4696\/revisions"}],"wp:attachment":[{"href":"https:\/\/www.centrodentalcostablanca.com\/de\/wp-json\/wp\/v2\/media?parent=4696"}],"curies":[{"name":"wp","href":"https:\/\/api.w.org\/{rel}","templated":true}]}}