{"id":4692,"date":"2016-05-03T09:54:37","date_gmt":"2016-05-03T07:54:37","guid":{"rendered":"https:\/\/www.centrodentalcostablanca.com\/de\/enamel-shaping\/"},"modified":"2016-06-13T12:53:34","modified_gmt":"2016-06-13T10:53:34","slug":"zahnschmelzumformung","status":"publish","type":"page","link":"https:\/\/www.centrodentalcostablanca.com\/de\/zahnschmelzumformung\/","title":{"rendered":"Schmelzkonturierung"},"content":{"rendered":"<p>Die Zahnschmelzkonturierung ist eine schnelle, einfache und kosteng\u00fcnstige Methode um kleine Defekte der Zahnform und Oberfl\u00e4che des Zahnes zu korrigieren. Sie kann verwendet werden um das Aussehen deformierter, zu grosser oder zu klein geratener Z\u00e4hne zu korrigieren. Wir verwenden diese Methode um eine Angleichung insbesondere der Frontz\u00e4hne zu erreichen. Z\u00e4hne, die zu klein geraten sind lassen sich so vergr\u00f6ssern, kleine L\u00fccken schliessen. Diese Methode ist kosteng\u00fcnstig, schnell und schmerzlos. Die Behandlung ist innerhalb einer Sitzung beendet mit einem dauerhaften Ergebnis.<\/p>\n<p><img loading=\"lazy\" decoding=\"async\" class=\"size-full wp-image-4390 alignnone\" src=\"https:\/\/www.centrodentalcostablanca.com\/wp-content\/uploads\/2016\/05\/5.jpg\" alt=\"Enamel Shaping\" width=\"500\" height=\"327\" srcset=\"https:\/\/www.centrodentalcostablanca.com\/wp-content\/uploads\/2016\/05\/5.jpg 500w, https:\/\/www.centrodentalcostablanca.com\/wp-content\/uploads\/2016\/05\/5-300x196.jpg 300w\" sizes=\"(max-width: 500px) 100vw, 500px\" \/><\/p>\n<p><span style=\"color: #ffffff;\">&#8211;<\/span><\/p>\n<p><img loading=\"lazy\" decoding=\"async\" class=\"alignnone size-full wp-image-56\" src=\"https:\/\/www.centrodentalcostablanca.com\/wp-content\/uploads\/2016\/05\/logoname-padded.png\" alt=\"Centro Dental Costa Blanca\" width=\"440\" height=\"198\" srcset=\"https:\/\/www.centrodentalcostablanca.com\/wp-content\/uploads\/2016\/05\/logoname-padded.png 440w, https:\/\/www.centrodentalcostablanca.com\/wp-content\/uploads\/2016\/05\/logoname-padded-300x135.png 300w\" sizes=\"(max-width: 440px) 100vw, 440px\" \/><\/p>\n","protected":false},"excerpt":{"rendered":"<p>Die Zahnschmelzkonturierung ist eine schnelle, einfache und kosteng\u00fcnstige Methode um kleine Defekte der Zahnform und Oberfl\u00e4che des Zahnes zu korrigieren. Sie kann verwendet werden um das Aussehen deformierter, zu grosser oder zu klein geratener Z\u00e4hne zu korrigieren. Wir verwenden diese Methode um eine Angleichung insbesondere der Frontz\u00e4hne zu erreichen. Z\u00e4hne, die zu klein geraten sind&#8230;<\/p>\n","protected":false},"author":1,"featured_media":0,"parent":0,"menu_order":0,"comment_status":"closed","ping_status":"closed","template":"","meta":{"footnotes":""},"_links":{"self":[{"href":"https:\/\/www.centrodentalcostablanca.com\/de\/wp-json\/wp\/v2\/pages\/4692"}],"collection":[{"href":"https:\/\/www.centrodentalcostablanca.com\/de\/wp-json\/wp\/v2\/pages"}],"about":[{"href":"https:\/\/www.centrodentalcostablanca.com\/de\/wp-json\/wp\/v2\/types\/page"}],"author":[{"embeddable":true,"href":"https:\/\/www.centrodentalcostablanca.com\/de\/wp-json\/wp\/v2\/users\/1"}],"replies":[{"embeddable":true,"href":"https:\/\/www.centrodentalcostablanca.com\/de\/wp-json\/wp\/v2\/comments?post=4692"}],"version-history":[{"count":0,"href":"https:\/\/www.centrodentalcostablanca.com\/de\/wp-json\/wp\/v2\/pages\/4692\/revisions"}],"wp:attachment":[{"href":"https:\/\/www.centrodentalcostablanca.com\/de\/wp-json\/wp\/v2\/media?parent=4692"}],"curies":[{"name":"wp","href":"https:\/\/api.w.org\/{rel}","templated":true}]}}