{"id":4684,"date":"2016-05-03T09:53:41","date_gmt":"2016-05-03T07:53:41","guid":{"rendered":"https:\/\/www.centrodentalcostablanca.com\/de\/dental-fear-treatments\/"},"modified":"2016-06-13T12:51:15","modified_gmt":"2016-06-13T10:51:15","slug":"zahnarztphobie-behandlung","status":"publish","type":"page","link":"https:\/\/www.centrodentalcostablanca.com\/de\/zahnarztphobie-behandlung\/","title":{"rendered":"Zahnarztphobie Behandlung"},"content":{"rendered":"<p>Wir haben viele Patienten die aufgrund starker Angstgef\u00fchle bisher nicht zum Zahnarzt gehen konnten. In unserer Parxis helfen wir Ihnen auf verschiedenen Wegen diese \u00c4ngste zu kontrollieren und sich davon zu befreien um von der modernen Zahhnheilkunde des 21. Jahrhunderts profitieren zu k\u00f6nnen. Seit einiger Zeit ist es uns m\u00f6glich, sie mit Lachgassedierung zu behandel. Diese Form der Sedierung erleichtert ihnen jeden Behandlungsschritt und h\u00e4ufig ist keine weitere An\u00e4sthesie notwendig. Fragen Sie uns, ob dies f\u00fcr Sie m\u00f6glich ist!<\/p>\n<p><img loading=\"lazy\" decoding=\"async\" class=\"size-full wp-image-4385 alignnone\" src=\"https:\/\/www.centrodentalcostablanca.com\/wp-content\/uploads\/2016\/05\/2.jpg\" alt=\"Dental Fear Treatments\" width=\"500\" height=\"300\" srcset=\"https:\/\/www.centrodentalcostablanca.com\/wp-content\/uploads\/2016\/05\/2.jpg 500w, https:\/\/www.centrodentalcostablanca.com\/wp-content\/uploads\/2016\/05\/2-300x180.jpg 300w\" sizes=\"(max-width: 500px) 100vw, 500px\" \/><\/p>\n<p><span style=\"color: #ffffff;\">&#8211;<\/span><\/p>\n<p><img loading=\"lazy\" decoding=\"async\" class=\"alignnone size-full wp-image-56\" src=\"https:\/\/www.centrodentalcostablanca.com\/wp-content\/uploads\/2016\/05\/logoname-padded.png\" alt=\"Centro Dental Costa Blanca\" width=\"440\" height=\"198\" srcset=\"https:\/\/www.centrodentalcostablanca.com\/wp-content\/uploads\/2016\/05\/logoname-padded.png 440w, https:\/\/www.centrodentalcostablanca.com\/wp-content\/uploads\/2016\/05\/logoname-padded-300x135.png 300w\" sizes=\"(max-width: 440px) 100vw, 440px\" \/><\/p>\n","protected":false},"excerpt":{"rendered":"<p>Wir haben viele Patienten die aufgrund starker Angstgef\u00fchle bisher nicht zum Zahnarzt gehen konnten. In unserer Parxis helfen wir Ihnen auf verschiedenen Wegen diese \u00c4ngste zu kontrollieren und sich davon zu befreien um von der modernen Zahhnheilkunde des 21. Jahrhunderts profitieren zu k\u00f6nnen. Seit einiger Zeit ist es uns m\u00f6glich, sie mit Lachgassedierung zu behandel&#8230;.<\/p>\n","protected":false},"author":1,"featured_media":0,"parent":0,"menu_order":0,"comment_status":"closed","ping_status":"closed","template":"","meta":{"footnotes":""},"_links":{"self":[{"href":"https:\/\/www.centrodentalcostablanca.com\/de\/wp-json\/wp\/v2\/pages\/4684"}],"collection":[{"href":"https:\/\/www.centrodentalcostablanca.com\/de\/wp-json\/wp\/v2\/pages"}],"about":[{"href":"https:\/\/www.centrodentalcostablanca.com\/de\/wp-json\/wp\/v2\/types\/page"}],"author":[{"embeddable":true,"href":"https:\/\/www.centrodentalcostablanca.com\/de\/wp-json\/wp\/v2\/users\/1"}],"replies":[{"embeddable":true,"href":"https:\/\/www.centrodentalcostablanca.com\/de\/wp-json\/wp\/v2\/comments?post=4684"}],"version-history":[{"count":0,"href":"https:\/\/www.centrodentalcostablanca.com\/de\/wp-json\/wp\/v2\/pages\/4684\/revisions"}],"wp:attachment":[{"href":"https:\/\/www.centrodentalcostablanca.com\/de\/wp-json\/wp\/v2\/media?parent=4684"}],"curies":[{"name":"wp","href":"https:\/\/api.w.org\/{rel}","templated":true}]}}