{"id":4679,"date":"2016-05-03T09:53:06","date_gmt":"2016-05-03T07:53:06","guid":{"rendered":"https:\/\/www.centrodentalcostablanca.com\/de\/cleaning\/"},"modified":"2016-06-13T12:49:53","modified_gmt":"2016-06-13T10:49:53","slug":"professionelle-zahnreinigung","status":"publish","type":"page","link":"https:\/\/www.centrodentalcostablanca.com\/de\/professionelle-zahnreinigung\/","title":{"rendered":"Zahnreinigung"},"content":{"rendered":"<p>Die professionelle Zahnreinigung ist uns allen bekannt als absolute Voraussetzung um langfristig Zahn-, und Zahnfleischerkrankungen vorzubeugen. In unserem Mund existieren mehr als 200 verschiedene Bakterienarten, von denen zum Gl\u00fcck die Allermeisten harmlos, oder sogar gut f\u00fcr unsere Gesundheit sind. Einige wenige allerdings sind verantwortlich f\u00fcr Karies und Parodontitis. Diese Keime k\u00f6nnen auch \u00fcber die Blutgef\u00e4sse in unseren Organismus eindringen und dort zu verschiedensten Erkankungen f\u00fchren wie z.B. Herzerkrankungen, Diabetes, Fr\u00fchgeburten und vieles mehr. Mit der professionellen Zahnreinigung wird nicht nur die mineralisierte Plaque, der sog. Zahnstein, entfernt, sondern auch die am Zahn fest haftende klebrige weiche Plaque wird wegpoliert. Diese Politur l\u00e4sst Ihre Z\u00e4hne nicht nur strahlen und wieder gl\u00e4nzen, sondern erm\u00f6glichgt es Ihnen zuhause die Z\u00e4hne besser zu reinigen \u2013 und so Erkrankungen zu vermeiden. Nat\u00fcrlich werden dabei auch, soweit m\u00f6glich, alle Flecken und Verf\u00e4rbunbgen, wie sie durch Tabak, Tee, Kaffee, Rotwein entstehen, entfernt. Sehr oft erscheinen Ihre Z\u00e4hne danach etwas heller, die nat\u00fcrlichge Zahnfarbe wird freigelegt. Den Abschluss bildet eine Versiegelung der Z\u00e4hne gegen \u00dcberempfindlichkeit.<\/p>\n<p><img loading=\"lazy\" decoding=\"async\" class=\"alignleft wp-image-4383 size-full\" src=\"https:\/\/www.centrodentalcostablanca.com\/wp-content\/uploads\/2016\/05\/6.jpg\" alt=\"Cleaning\" width=\"500\" height=\"260\" srcset=\"https:\/\/www.centrodentalcostablanca.com\/wp-content\/uploads\/2016\/05\/6.jpg 500w, https:\/\/www.centrodentalcostablanca.com\/wp-content\/uploads\/2016\/05\/6-300x156.jpg 300w\" sizes=\"(max-width: 500px) 100vw, 500px\" \/><\/p>\n<p><span style=\"color: #ffffff;\">&#8211;<\/span><\/p>\n<p><img loading=\"lazy\" decoding=\"async\" class=\"alignnone size-full wp-image-56\" src=\"https:\/\/www.centrodentalcostablanca.com\/wp-content\/uploads\/2016\/05\/logoname-padded.png\" alt=\"Centro Dental Costa Blanca\" width=\"440\" height=\"198\" srcset=\"https:\/\/www.centrodentalcostablanca.com\/wp-content\/uploads\/2016\/05\/logoname-padded.png 440w, https:\/\/www.centrodentalcostablanca.com\/wp-content\/uploads\/2016\/05\/logoname-padded-300x135.png 300w\" sizes=\"(max-width: 440px) 100vw, 440px\" \/><\/p>\n","protected":false},"excerpt":{"rendered":"<p>Die professionelle Zahnreinigung ist uns allen bekannt als absolute Voraussetzung um langfristig Zahn-, und Zahnfleischerkrankungen vorzubeugen. In unserem Mund existieren mehr als 200 verschiedene Bakterienarten, von denen zum Gl\u00fcck die Allermeisten harmlos, oder sogar gut f\u00fcr unsere Gesundheit sind. Einige wenige allerdings sind verantwortlich f\u00fcr Karies und Parodontitis. Diese Keime k\u00f6nnen auch \u00fcber die Blutgef\u00e4sse&#8230;<\/p>\n","protected":false},"author":1,"featured_media":0,"parent":0,"menu_order":0,"comment_status":"closed","ping_status":"closed","template":"","meta":{"footnotes":""},"_links":{"self":[{"href":"https:\/\/www.centrodentalcostablanca.com\/de\/wp-json\/wp\/v2\/pages\/4679"}],"collection":[{"href":"https:\/\/www.centrodentalcostablanca.com\/de\/wp-json\/wp\/v2\/pages"}],"about":[{"href":"https:\/\/www.centrodentalcostablanca.com\/de\/wp-json\/wp\/v2\/types\/page"}],"author":[{"embeddable":true,"href":"https:\/\/www.centrodentalcostablanca.com\/de\/wp-json\/wp\/v2\/users\/1"}],"replies":[{"embeddable":true,"href":"https:\/\/www.centrodentalcostablanca.com\/de\/wp-json\/wp\/v2\/comments?post=4679"}],"version-history":[{"count":0,"href":"https:\/\/www.centrodentalcostablanca.com\/de\/wp-json\/wp\/v2\/pages\/4679\/revisions"}],"wp:attachment":[{"href":"https:\/\/www.centrodentalcostablanca.com\/de\/wp-json\/wp\/v2\/media?parent=4679"}],"curies":[{"name":"wp","href":"https:\/\/api.w.org\/{rel}","templated":true}]}}